{"id":10,"date":"2019-11-03T23:13:27","date_gmt":"2019-11-03T22:13:27","guid":{"rendered":"http:\/\/localhost\/wordpress\/?page_id=7"},"modified":"2019-11-03T23:13:27","modified_gmt":"2019-11-03T22:13:27","slug":"pedagogie","status":"publish","type":"page","link":"https:\/\/www.nicolasetpimprenelle.fr\/np\/pedagogie\/","title":{"rendered":"P\u00e9dagogie"},"content":{"rendered":"\n<p>Notre projet p\u00e9dagogique puise ses fondements dans l\u2019approche pikl\u00e9rienne (du nom de la p\u00e9diatre hongroise<a href=\"http:\/\/www.pikler.fr\"> Emmi Pikler<\/a> ). La philosophie de ce regard port\u00e9 sur le jeune enfant s\u2019attache \u00e0 soutenir son besoin d\u2019\u00eatre reconnu en tant que personne. En apparence simple, cet enjeu d\u2019accueillir les besoins individuels de chaque enfant appelle, dans le cadre d\u2019un accueil collectif, la mise en \u0153uvre r\u00e9fl\u00e9chie d\u2019outils p\u00e9dagogiques port\u00e9s en \u00e9quipe.<\/p>\n\n\n\n<p><br> Nous choisissons ici de vous pr\u00e9senter l\u2019un des fils de tissage de notre travail quotidien :<br><strong> le syst\u00e8me de la personne r\u00e9f\u00e9rente<\/strong>. <\/p>\n\n\n\n<p>Celui-ci a deux objectifs articul\u00e9s entre eux :<\/p>\n\n\n\n<ul><li>offrir \u00e0 vous et votre enfant un adulte d\u2019appui avec qui il va \u00eatre possible de construire un lien s\u00e9cure. Pour un jeune enfant, \u00e9prouver un sentiment de s\u00e9curit\u00e9 en votre absence, c\u2019est savoir de fa\u00e7on s\u00fbre sur qui il peut compter pour satisfaire ses besoins vitaux, y compris relationnels, pour \u00eatre attentif \u00e0 ses progr\u00e8s, \u00e0 ses int\u00e9r\u00eats, pour accueillir ses \u00e9motions et les partager.<\/li><li> Etre au plus juste des \u00e9volutions de chaque enfant pour pouvoir  construire un environnement ajust\u00e9 \u00e0 ses besoins, que ce soit pour ses  soins (repas, change, sommeil) ou son jeu. Par exemple, rep\u00e9rer  l\u2019int\u00e9r\u00eat pr\u00e9cis de votre enfant pour tel ou tel objet et savoir le lui  installer \u00e0 proximit\u00e9 pour lui permettre de le saisir s\u2019il le souhaite  n\u2019est pas la m\u00eame d\u00e9marche que de sortir la m\u00eame caisse de jeux pour<br>  tous les enfants\u2026Penser ainsi la proposition de jeu soutient  l\u2019affirmation de son individualit\u00e9 et lui fait vivre l\u2019exp\u00e9rience de  l\u2019attention particuli\u00e8re de l\u2019adulte \u00e0 son \u00e9gard. <\/li><\/ul>\n\n\n\n<p><br> Par ces quelques mots sur le syst\u00e8me de la r\u00e9f\u00e9rence, nous souhaitons vous faire sentir comment il permet de respecter et d\u2019entendre chaque enfant dans sa mani\u00e8re particuli\u00e8re d\u2019exister, d\u2019\u00e9voluer, de communiquer, d\u2019agir, de participer\u2026<br> Enfin, d\u2019autres fils rouges de notre p\u00e9dagogie que sont la libert\u00e9 motrice ou l\u2019activit\u00e9 autonome de l\u2019enfant participent au canevas d\u2019accueil qui porte votre enfant dans un sentiment de s\u00e9curit\u00e9 suffisant pour qu\u2019il puisse profiter de ses journ\u00e9es \u00e0 la cr\u00e8che, se<br> construire, apprendre \u00e0 se conna\u00eetre, d\u00e9couvrir le monde et interagir avec les autres.<\/p>\n","protected":false},"excerpt":{"rendered":"<p>Notre projet p\u00e9dagogique puise ses fondements dans l\u2019approche pikl\u00e9rienne (du nom de la p\u00e9diatre hongroise Emmi Pikler ). La philosophie de ce regard port\u00e9 sur le jeune enfant s\u2019attache \u00e0 soutenir son besoin d\u2019\u00eatre reconnu en tant que personne. En [&hellip;]<\/p>\n","protected":false},"author":2,"featured_media":0,"parent":0,"menu_order":0,"comment_status":"closed","ping_status":"closed","template":"","meta":[],"_links":{"self":[{"href":"https:\/\/www.nicolasetpimprenelle.fr\/np\/wp-json\/wp\/v2\/pages\/10"}],"collection":[{"href":"https:\/\/www.nicolasetpimprenelle.fr\/np\/wp-json\/wp\/v2\/pages"}],"about":[{"href":"https:\/\/www.nicolasetpimprenelle.fr\/np\/wp-json\/wp\/v2\/types\/page"}],"author":[{"embeddable":true,"href":"https:\/\/www.nicolasetpimprenelle.fr\/np\/wp-json\/wp\/v2\/users\/2"}],"replies":[{"embeddable":true,"href":"https:\/\/www.nicolasetpimprenelle.fr\/np\/wp-json\/wp\/v2\/comments?post=10"}],"version-history":[{"count":0,"href":"https:\/\/www.nicolasetpimprenelle.fr\/np\/wp-json\/wp\/v2\/pages\/10\/revisions"}],"wp:attachment":[{"href":"https:\/\/www.nicolasetpimprenelle.fr\/np\/wp-json\/wp\/v2\/media?parent=10"}],"curies":[{"name":"wp","href":"https:\/\/api.w.org\/{rel}","templated":true}]}}