{"id":17,"date":"2019-11-04T22:36:24","date_gmt":"2019-11-04T21:36:24","guid":{"rendered":"http:\/\/localhost\/wordpress\/?page_id=17"},"modified":"2019-11-04T22:36:24","modified_gmt":"2019-11-04T21:36:24","slug":"notre-equipe","status":"publish","type":"page","link":"https:\/\/www.nicolasetpimprenelle.fr\/np\/notre-equipe\/","title":{"rendered":"Notre Equipe"},"content":{"rendered":"\n<p>Notre \u00e9quipe se compose de 7 professionnelles, soit \u00e0 temps plein soit \u00e0 temps partiel&nbsp;:<\/p>\n\n\n\n<ul><li>Deux \u00e9ducatrices de jeunes enfants, dont l\u2019une \u00e0 temps partiel, assurent la co-direction de la cr\u00e8che. Elles sont \u00e9galement pr\u00e9sentes aupr\u00e8s des enfants\u00a0;<\/li><li> Une auxiliaire de pu\u00e9riculture \u00e0 temps plein\u00a0; <\/li><li> Deux aides-\u00e9ducatrices, dont l\u2019une \u00e0 temps partiel\u00a0; <\/li><li> Une cuisini\u00e8re qui confectionne tous les matins les repas des enfants\u00a0;  <\/li><li>Une agent de m\u00e9nage qui assure l\u2019entretien des locaux tous les soirs. <\/li><\/ul>\n\n\n\n<p><\/p>\n\n\n\n<p>Plusieurs professionnelles de notre \u00e9quipe s\u2019investissent dans la vie de Nicolas et Pimprenelle depuis dix ans et plus. <\/p>\n\n\n\n<p>Cette p\u00e9rennit\u00e9 permet\u00a0de :<\/p>\n\n\n\n<ul><li>\u00a0Tenir le fil de l\u2019histoire de Nicolas et Pimprenelle<\/li><li> Construire un projet p\u00e9dagogique solide. <\/li><\/ul>\n","protected":false},"excerpt":{"rendered":"<p>Notre \u00e9quipe se compose de 7 professionnelles, soit \u00e0 temps plein soit \u00e0 temps partiel&nbsp;: Deux \u00e9ducatrices de jeunes enfants, dont l\u2019une \u00e0 temps partiel, assurent la co-direction de la cr\u00e8che. Elles sont \u00e9galement pr\u00e9sentes aupr\u00e8s des enfants\u00a0; Une auxiliaire [&hellip;]<\/p>\n","protected":false},"author":2,"featured_media":0,"parent":0,"menu_order":0,"comment_status":"closed","ping_status":"closed","template":"","meta":[],"_links":{"self":[{"href":"https:\/\/www.nicolasetpimprenelle.fr\/np\/wp-json\/wp\/v2\/pages\/17"}],"collection":[{"href":"https:\/\/www.nicolasetpimprenelle.fr\/np\/wp-json\/wp\/v2\/pages"}],"about":[{"href":"https:\/\/www.nicolasetpimprenelle.fr\/np\/wp-json\/wp\/v2\/types\/page"}],"author":[{"embeddable":true,"href":"https:\/\/www.nicolasetpimprenelle.fr\/np\/wp-json\/wp\/v2\/users\/2"}],"replies":[{"embeddable":true,"href":"https:\/\/www.nicolasetpimprenelle.fr\/np\/wp-json\/wp\/v2\/comments?post=17"}],"version-history":[{"count":0,"href":"https:\/\/www.nicolasetpimprenelle.fr\/np\/wp-json\/wp\/v2\/pages\/17\/revisions"}],"wp:attachment":[{"href":"https:\/\/www.nicolasetpimprenelle.fr\/np\/wp-json\/wp\/v2\/media?parent=17"}],"curies":[{"name":"wp","href":"https:\/\/api.w.org\/{rel}","templated":true}]}}