{"id":37,"date":"2019-11-04T22:58:29","date_gmt":"2019-11-04T21:58:29","guid":{"rendered":"http:\/\/localhost\/wordpress\/?page_id=37"},"modified":"2019-11-04T22:58:29","modified_gmt":"2019-11-04T21:58:29","slug":"une-structure-parentale","status":"publish","type":"page","link":"https:\/\/www.nicolasetpimprenelle.fr\/np\/une-structure-parentale\/","title":{"rendered":"Une structure parentale"},"content":{"rendered":"\n<p>C\u2019est quoi cette dr\u00f4le\nd\u2019id\u00e9e&nbsp;?<\/p>\n\n\n\n<p>Une cr\u00e8che parentale, c\u2019est la\npossibilit\u00e9 de rencontrer&nbsp;:<\/p>\n\n\n\n<ul><li>Une implication directe dans le projet de vie\u00a0: vous connaissez enti\u00e8rement le fonctionnement de la cr\u00e8che et vous pouvez apporter votre point de vue.<\/li><li>Une grande proximit\u00e9 avec les autres parents et l\u2019\u00e9quipe \u00e9ducative<\/li><li>Un climat s\u00e9curisant et familier au sein d\u2019une petite structure<\/li><li>Un espace de libert\u00e9 dans lequel mener des projets, d\u00e9velopper des comp\u00e9tences personnelles<\/li><li>Une connaissance de tous les enfants et leurs parents.<\/li><\/ul>\n\n\n\n<p><\/p>\n\n\n\n<p>Concr\u00e8tement, en tant que\nparent, cela m\u2019engage \u00e0 quoi&nbsp;?<\/p>\n\n\n\n<p>Nicolas et Pimprenelle est un\nlieu d\u2019accueil en partie g\u00e9r\u00e9 par les familles qui s\u2019impliquent&nbsp;:<\/p>\n\n\n\n<ul><li>Dans le fonctionnement de l\u2019association\u00a0: faire partie du bureau de l\u2019association ou de l\u2019une des commissions animant la vie de la cr\u00e8che<\/li><li> Et Au quotidien aupr\u00e8s de enfants\u00a0: une demi-journ\u00e9e de permanence  toutes les deux semaines (horaires de permanence\u00a0: 8h-12h30 ou  14h-18h30)  <\/li><\/ul>\n\n\n\n<p><\/p>\n","protected":false},"excerpt":{"rendered":"<p>C\u2019est quoi cette dr\u00f4le d\u2019id\u00e9e&nbsp;? Une cr\u00e8che parentale, c\u2019est la possibilit\u00e9 de rencontrer&nbsp;: Une implication directe dans le projet de vie\u00a0: vous connaissez enti\u00e8rement le fonctionnement de la cr\u00e8che et vous pouvez apporter votre point de vue. Une grande proximit\u00e9 [&hellip;]<\/p>\n","protected":false},"author":2,"featured_media":0,"parent":0,"menu_order":0,"comment_status":"closed","ping_status":"closed","template":"","meta":[],"_links":{"self":[{"href":"https:\/\/www.nicolasetpimprenelle.fr\/np\/wp-json\/wp\/v2\/pages\/37"}],"collection":[{"href":"https:\/\/www.nicolasetpimprenelle.fr\/np\/wp-json\/wp\/v2\/pages"}],"about":[{"href":"https:\/\/www.nicolasetpimprenelle.fr\/np\/wp-json\/wp\/v2\/types\/page"}],"author":[{"embeddable":true,"href":"https:\/\/www.nicolasetpimprenelle.fr\/np\/wp-json\/wp\/v2\/users\/2"}],"replies":[{"embeddable":true,"href":"https:\/\/www.nicolasetpimprenelle.fr\/np\/wp-json\/wp\/v2\/comments?post=37"}],"version-history":[{"count":0,"href":"https:\/\/www.nicolasetpimprenelle.fr\/np\/wp-json\/wp\/v2\/pages\/37\/revisions"}],"wp:attachment":[{"href":"https:\/\/www.nicolasetpimprenelle.fr\/np\/wp-json\/wp\/v2\/media?parent=37"}],"curies":[{"name":"wp","href":"https:\/\/api.w.org\/{rel}","templated":true}]}}