{"id":9,"date":"2019-11-03T23:02:54","date_gmt":"2019-11-03T22:02:54","guid":{"rendered":"http:\/\/localhost\/wordpress\/?page_id=2"},"modified":"2023-11-21T12:18:58","modified_gmt":"2023-11-21T11:18:58","slug":"contacts","status":"publish","type":"page","link":"https:\/\/www.nicolasetpimprenelle.fr\/np\/contacts\/","title":{"rendered":"Contacts"},"content":{"rendered":"\n<p>92 grande rue de la Guilloti\u00e8re\nLyon 7<sup>\u00e8me<\/sup> <\/p>\n\n\n\n<p>04 78 61 17 87<\/p>\n\n\n\n<p><\/p>\n\n\n\n<div class=\"wp-block-image\"><figure class=\"alignleft is-resized\"><img loading=\"lazy\" src=\"https:\/\/www.nicolasetpimprenelle.fr\/_site\/preinscription.png\" alt=\"\" width=\"86\" height=\"86\"\/><\/figure><\/div>\n\n\n\n<p> Vous d\u00e9sirer vous pr\u00e9inscrire sur nos listes pour la rentr\u00e9e prochaine ?<br><a href=\"mailto:nouveauxparentsnp@gmail.com?subject=pr\u00e9inscription&amp;body=Bonjour, je souhaite me pr\u00e9-inscrire.\" target=\"_blank\" rel=\"noreferrer noopener\">nouveauxparentsnp@gmail.com<\/a><\/p>\n","protected":false},"excerpt":{"rendered":"<p>92 grande rue de la Guilloti\u00e8re Lyon 7\u00e8me 04 78 61 17 87 Vous d\u00e9sirer vous pr\u00e9inscrire sur nos listes pour la rentr\u00e9e prochaine ?nouveauxparentsnp@gmail.com<\/p>\n","protected":false},"author":2,"featured_media":0,"parent":0,"menu_order":0,"comment_status":"closed","ping_status":"open","template":"","meta":[],"_links":{"self":[{"href":"https:\/\/www.nicolasetpimprenelle.fr\/np\/wp-json\/wp\/v2\/pages\/9"}],"collection":[{"href":"https:\/\/www.nicolasetpimprenelle.fr\/np\/wp-json\/wp\/v2\/pages"}],"about":[{"href":"https:\/\/www.nicolasetpimprenelle.fr\/np\/wp-json\/wp\/v2\/types\/page"}],"author":[{"embeddable":true,"href":"https:\/\/www.nicolasetpimprenelle.fr\/np\/wp-json\/wp\/v2\/users\/2"}],"replies":[{"embeddable":true,"href":"https:\/\/www.nicolasetpimprenelle.fr\/np\/wp-json\/wp\/v2\/comments?post=9"}],"version-history":[{"count":3,"href":"https:\/\/www.nicolasetpimprenelle.fr\/np\/wp-json\/wp\/v2\/pages\/9\/revisions"}],"predecessor-version":[{"id":107,"href":"https:\/\/www.nicolasetpimprenelle.fr\/np\/wp-json\/wp\/v2\/pages\/9\/revisions\/107"}],"wp:attachment":[{"href":"https:\/\/www.nicolasetpimprenelle.fr\/np\/wp-json\/wp\/v2\/media?parent=9"}],"curies":[{"name":"wp","href":"https:\/\/api.w.org\/{rel}","templated":true}]}}